{"id":24,"date":"2024-03-12T21:27:10","date_gmt":"2024-03-12T20:27:10","guid":{"rendered":"http:\/\/websurfers.ch\/?page_id=24"},"modified":"2024-03-14T03:35:54","modified_gmt":"2024-03-14T02:35:54","slug":"warum-eine-webseite","status":"publish","type":"page","link":"https:\/\/websurfers.ch\/index.php\/warum-eine-webseite\/","title":{"rendered":"Warum eine Webseite"},"content":{"rendered":"\n<div class=\"content\" tabindex=\"0\" aria-description=\"\">\n<div class=\"ac-container ac-adaptiveCard\">\n<div class=\"ac-textBlock\">\n<p><strong>Warum eine professionelle Website f\u00fcr Ihr Unternehmen? Websurfes.ch hilft Ihnen dabei!<\/strong><\/p>\n<p>Wenn Sie sich auf dem Markt behaupten m\u00f6chten, ist eine ansprechende Webseite unerl\u00e4sslich. Ihre Website sollte ein breit gef\u00e4chertes, internationales Publikum ansprechen. Kurz gesagt: Jeder Besucher sollte sofort verstehen, worum es auf Ihrer Seite geht und welche Angebote Sie bereithalten!<\/p>\n<p>Durch gezielte Optimierung ziehen Sie neue Kunden auf Ihre Webseite. Modernes und kreatives Webdesign hilft Ihnen, im Ged\u00e4chtnis zu bleiben. Nutzen Sie diese Chance, Ihre Zielgruppe zu erweitern und Ihre Conversion-Rate zu erh\u00f6hen. Ein gut aufgestellter und professionell angelegter Online-Shop erm\u00f6glicht es Interessenten, mit nur wenigen Klicks Zugang zu Ihren Produkten zu erhalten.<\/p>\n<p>F\u00fcr den Laien ist dies oft schwer umzusetzen: Selbst bei namhaften Unternehmen erstellen Webmaster oft Seiten, sind damit einmal zufrieden und k\u00fcmmern sich dann jahrelang nicht mehr darum! Dies darf nicht passieren! Mit dem technologischen Fortschritt \u00e4ndern sich auch die Gewohnheiten Ihrer Nutzer. Deshalb sind regelm\u00e4\u00dfige Wartung und Updates dringend n\u00f6tig, um am Puls der Zeit zu bleiben.<\/p>\n<p>Vertrauen Sie auf Websurfes.ch, um Ihre professionelle Website zu gestalten und zu pflegen. Wir helfen Ihnen dabei, online erfolgreich zu sein!\u00a0<\/p>\n<\/div>\n<\/div>\n<\/div>\n\n","protected":false},"excerpt":{"rendered":"","protected":false},"author":1,"featured_media":0,"parent":0,"menu_order":0,"comment_status":"closed","ping_status":"closed","template":"","meta":{"footnotes":""},"class_list":["post-24","page","type-page","status-publish","hentry"],"yoast_head":"<!-- This site is optimized with the Yoast SEO Premium plugin v22.6 (Yoast SEO v27.4) - https:\/\/yoast.com\/product\/yoast-seo-premium-wordpress\/ -->\n<title>Warum eine Webseite - G\u00fcnstige Webseite Schweiz<\/title>\n<meta name=\"robots\" content=\"index, follow, max-snippet:-1, max-image-preview:large, max-video-preview:-1\" \/>\n<link rel=\"canonical\" href=\"https:\/\/websurfers.ch\/index.php\/warum-eine-webseite\/\" \/>\n<meta property=\"og:locale\" content=\"de_DE\" \/>\n<meta property=\"og:type\" content=\"article\" \/>\n<meta property=\"og:title\" content=\"Warum eine Webseite\" \/>\n<meta property=\"og:url\" content=\"https:\/\/websurfers.ch\/index.php\/warum-eine-webseite\/\" \/>\n<meta property=\"og:site_name\" content=\"G\u00fcnstige Webseite Schweiz\" \/>\n<meta property=\"article:modified_time\" content=\"2024-03-14T02:35:54+00:00\" \/>\n<meta name=\"twitter:card\" content=\"summary_large_image\" \/>\n<meta name=\"twitter:label1\" content=\"Gesch\u00e4tzte Lesezeit\" \/>\n\t<meta name=\"twitter:data1\" content=\"1\u00a0Minute\" \/>\n<script type=\"application\/ld+json\" class=\"yoast-schema-graph\">{\"@context\":\"https:\\\/\\\/schema.org\",\"@graph\":[{\"@type\":\"WebPage\",\"@id\":\"https:\\\/\\\/websurfers.ch\\\/index.php\\\/warum-eine-webseite\\\/\",\"url\":\"https:\\\/\\\/websurfers.ch\\\/index.php\\\/warum-eine-webseite\\\/\",\"name\":\"Warum eine Webseite - G\u00fcnstige Webseite Schweiz\",\"isPartOf\":{\"@id\":\"https:\\\/\\\/websurfers.ch\\\/#website\"},\"datePublished\":\"2024-03-12T20:27:10+00:00\",\"dateModified\":\"2024-03-14T02:35:54+00:00\",\"breadcrumb\":{\"@id\":\"https:\\\/\\\/websurfers.ch\\\/index.php\\\/warum-eine-webseite\\\/#breadcrumb\"},\"inLanguage\":\"de-CH\",\"potentialAction\":[{\"@type\":\"ReadAction\",\"target\":[\"https:\\\/\\\/websurfers.ch\\\/index.php\\\/warum-eine-webseite\\\/\"]}]},{\"@type\":\"BreadcrumbList\",\"@id\":\"https:\\\/\\\/websurfers.ch\\\/index.php\\\/warum-eine-webseite\\\/#breadcrumb\",\"itemListElement\":[{\"@type\":\"ListItem\",\"position\":1,\"name\":\"Startseite\",\"item\":\"https:\\\/\\\/websurfers.ch\\\/\"},{\"@type\":\"ListItem\",\"position\":2,\"name\":\"Warum eine Webseite\"}]},{\"@type\":\"WebSite\",\"@id\":\"https:\\\/\\\/websurfers.ch\\\/#website\",\"url\":\"https:\\\/\\\/websurfers.ch\\\/\",\"name\":\"G\u00fcnstige Webseite Schweiz\",\"description\":\"Willkommen bei Websurfers Webdesign! Wir gestalten moderne und benutzerfreundliche Websites f\u00fcr dein Unternehmen. Lass uns gemeinsam deine Online-Pr\u00e4senz optimieren.\",\"publisher\":{\"@id\":\"https:\\\/\\\/websurfers.ch\\\/#organization\"},\"potentialAction\":[{\"@type\":\"SearchAction\",\"target\":{\"@type\":\"EntryPoint\",\"urlTemplate\":\"https:\\\/\\\/websurfers.ch\\\/?s={search_term_string}\"},\"query-input\":{\"@type\":\"PropertyValueSpecification\",\"valueRequired\":true,\"valueName\":\"search_term_string\"}}],\"inLanguage\":\"de-CH\"},{\"@type\":\"Organization\",\"@id\":\"https:\\\/\\\/websurfers.ch\\\/#organization\",\"name\":\"G\u00fcnstige Webseite Schweiz\",\"url\":\"https:\\\/\\\/websurfers.ch\\\/\",\"logo\":{\"@type\":\"ImageObject\",\"inLanguage\":\"de-CH\",\"@id\":\"https:\\\/\\\/websurfers.ch\\\/#\\\/schema\\\/logo\\\/image\\\/\",\"url\":\"https:\\\/\\\/websurfers.ch\\\/wp-content\\\/uploads\\\/2024\\\/03\\\/cropped-Black-and-Blue-Wave-Surfing-Club-Logo-1.png\",\"contentUrl\":\"https:\\\/\\\/websurfers.ch\\\/wp-content\\\/uploads\\\/2024\\\/03\\\/cropped-Black-and-Blue-Wave-Surfing-Club-Logo-1.png\",\"width\":512,\"height\":512,\"caption\":\"G\u00fcnstige Webseite Schweiz\"},\"image\":{\"@id\":\"https:\\\/\\\/websurfers.ch\\\/#\\\/schema\\\/logo\\\/image\\\/\"}}]}<\/script>\n<!-- \/ Yoast SEO Premium plugin. -->","yoast_head_json":{"title":"Warum eine Webseite - G\u00fcnstige Webseite Schweiz","robots":{"index":"index","follow":"follow","max-snippet":"max-snippet:-1","max-image-preview":"max-image-preview:large","max-video-preview":"max-video-preview:-1"},"canonical":"https:\/\/websurfers.ch\/index.php\/warum-eine-webseite\/","og_locale":"de_DE","og_type":"article","og_title":"Warum eine Webseite","og_url":"https:\/\/websurfers.ch\/index.php\/warum-eine-webseite\/","og_site_name":"G\u00fcnstige Webseite Schweiz","article_modified_time":"2024-03-14T02:35:54+00:00","twitter_card":"summary_large_image","twitter_misc":{"Gesch\u00e4tzte Lesezeit":"1\u00a0Minute"},"schema":{"@context":"https:\/\/schema.org","@graph":[{"@type":"WebPage","@id":"https:\/\/websurfers.ch\/index.php\/warum-eine-webseite\/","url":"https:\/\/websurfers.ch\/index.php\/warum-eine-webseite\/","name":"Warum eine Webseite - G\u00fcnstige Webseite Schweiz","isPartOf":{"@id":"https:\/\/websurfers.ch\/#website"},"datePublished":"2024-03-12T20:27:10+00:00","dateModified":"2024-03-14T02:35:54+00:00","breadcrumb":{"@id":"https:\/\/websurfers.ch\/index.php\/warum-eine-webseite\/#breadcrumb"},"inLanguage":"de-CH","potentialAction":[{"@type":"ReadAction","target":["https:\/\/websurfers.ch\/index.php\/warum-eine-webseite\/"]}]},{"@type":"BreadcrumbList","@id":"https:\/\/websurfers.ch\/index.php\/warum-eine-webseite\/#breadcrumb","itemListElement":[{"@type":"ListItem","position":1,"name":"Startseite","item":"https:\/\/websurfers.ch\/"},{"@type":"ListItem","position":2,"name":"Warum eine Webseite"}]},{"@type":"WebSite","@id":"https:\/\/websurfers.ch\/#website","url":"https:\/\/websurfers.ch\/","name":"G\u00fcnstige Webseite Schweiz","description":"Willkommen bei Websurfers Webdesign! Wir gestalten moderne und benutzerfreundliche Websites f\u00fcr dein Unternehmen. Lass uns gemeinsam deine Online-Pr\u00e4senz optimieren.","publisher":{"@id":"https:\/\/websurfers.ch\/#organization"},"potentialAction":[{"@type":"SearchAction","target":{"@type":"EntryPoint","urlTemplate":"https:\/\/websurfers.ch\/?s={search_term_string}"},"query-input":{"@type":"PropertyValueSpecification","valueRequired":true,"valueName":"search_term_string"}}],"inLanguage":"de-CH"},{"@type":"Organization","@id":"https:\/\/websurfers.ch\/#organization","name":"G\u00fcnstige Webseite Schweiz","url":"https:\/\/websurfers.ch\/","logo":{"@type":"ImageObject","inLanguage":"de-CH","@id":"https:\/\/websurfers.ch\/#\/schema\/logo\/image\/","url":"https:\/\/websurfers.ch\/wp-content\/uploads\/2024\/03\/cropped-Black-and-Blue-Wave-Surfing-Club-Logo-1.png","contentUrl":"https:\/\/websurfers.ch\/wp-content\/uploads\/2024\/03\/cropped-Black-and-Blue-Wave-Surfing-Club-Logo-1.png","width":512,"height":512,"caption":"G\u00fcnstige Webseite Schweiz"},"image":{"@id":"https:\/\/websurfers.ch\/#\/schema\/logo\/image\/"}}]}},"_links":{"self":[{"href":"https:\/\/websurfers.ch\/index.php\/wp-json\/wp\/v2\/pages\/24","targetHints":{"allow":["GET"]}}],"collection":[{"href":"https:\/\/websurfers.ch\/index.php\/wp-json\/wp\/v2\/pages"}],"about":[{"href":"https:\/\/websurfers.ch\/index.php\/wp-json\/wp\/v2\/types\/page"}],"author":[{"embeddable":true,"href":"https:\/\/websurfers.ch\/index.php\/wp-json\/wp\/v2\/users\/1"}],"replies":[{"embeddable":true,"href":"https:\/\/websurfers.ch\/index.php\/wp-json\/wp\/v2\/comments?post=24"}],"version-history":[{"count":3,"href":"https:\/\/websurfers.ch\/index.php\/wp-json\/wp\/v2\/pages\/24\/revisions"}],"predecessor-version":[{"id":35,"href":"https:\/\/websurfers.ch\/index.php\/wp-json\/wp\/v2\/pages\/24\/revisions\/35"}],"wp:attachment":[{"href":"https:\/\/websurfers.ch\/index.php\/wp-json\/wp\/v2\/media?parent=24"}],"curies":[{"name":"wp","href":"https:\/\/api.w.org\/{rel}","templated":true}]}}