{"id":170,"date":"2025-04-10T18:52:54","date_gmt":"2025-04-10T16:52:54","guid":{"rendered":"http:\/\/websurfers.ch\/?page_id=170"},"modified":"2025-04-10T18:53:26","modified_gmt":"2025-04-10T16:53:26","slug":"quong-test-ai","status":"publish","type":"page","link":"https:\/\/websurfers.ch\/index.php\/quong-test-ai\/","title":{"rendered":"quong test ai"},"content":{"rendered":"\n[ux_section bg_color=&#187;light&#187; padding=&#187;60px 0 0 0&#8243;]\n  <!-- Hero-Bereich --><br \/>\n  \n  <div class=\"banner has-hover\" id=\"banner-979462367\">\n          <div class=\"banner-inner fill\">\n        <div class=\"banner-bg fill\" >\n            <div class=\"bg fill bg-fill \"><\/div>\n                                    \n            <div class=\"effect-overlay-opacity bg-effect fill no-click\"><\/div>        <\/div>\n\t\t\n        <div class=\"banner-layers container\">\n            <div class=\"fill banner-link\"><\/div>            \n<h1 class=\"title\" style=\"color: white; text-align: center; font-size: 56px; margin-top: 150px;\">Fahrradmeister<\/h1>\n<p class=\"subtitle\" style=\"color: white; text-align: center; font-size: 24px; margin-top: 20px;\">Professionelle Reparatur &#038; Wartung<\/p>\n<p>    <a href=\"\/termin\" class=\"button white large\" style=\"display: block; margin: 40px auto 0;\">Termin buchen<\/a><br \/>\n          <\/div>\n      <\/div>\n\n            \n<style>\n#banner-979462367 {\n  padding-top: 700px;\n}\n#banner-979462367 .bg.bg-loaded {\n  background-image: url(https:\/\/via.placeholder.com\/1920x800\/87CEEB\/FFFFFF?text=Fahrradwerkstatt);\n}\n<\/style>\n  <\/div>\n\n\n<p>  <!-- \u00dcber Uns --><br \/>\n  <div class=\"row\"  id=\"row-1397774269\">\n    \n\t<div id=\"col-1186350309\" class=\"col medium-6 small-12 large-6\"  >\n\t\t\t\t<div class=\"col-inner\"  >\n\t\t\t\n\t\t\t\n      \t<div class=\"img has-hover x md-x lg-x y md-y lg-y\" id=\"image_1878751074\">\n\t\t\t\t\t\t\t\t<div class=\"img-inner dark\" >\n\t\t\t<img decoding=\"async\" src=\"https:\/\/via.placeholder.com\/800x600\/87CEEB\/FFFFFF?text=Fahrradreparatur\" alt=\"\"\/>\t\t\t\t\t\t\n\t\t\t\t\t<\/div>\n\t\t\t\t\t\t\t\t\n<style>\n#image_1878751074 {\n  width: 90%;\n}\n<\/style>\n\t<\/div>\n\t\n    \t\t<\/div>\n\t\t\t\t\t<\/div>\n\n\t\n    \n\t<div id=\"col-1248509568\" class=\"col medium-6 small-12 large-6\"  >\n\t\t\t\t<div class=\"col-inner\"  >\n\t\t\t\n\t\t\t\n<h2>\u00dcber Uns<\/h2>\n<p>Wir sind Ihre Fachwerkstatt f\u00fcr Fahrradreparaturen in [Stadt]. Mit \u00fcber 10 Jahren Erfahrung k\u00fcmmern wir uns um:<\/p>\n<ul>\n<li>Reparatur von Bremsen, Schaltung und Rahmen<\/li>\n<li>Wartung und Inspektion<\/li>\n<li>Individuelle Anpassungen<\/li>\n<\/ul>\n<p>      <a href=\"\/ueber-uns\" class=\"button small\">Mehr erfahren<\/a><br \/>\n    \t\t<\/div>\n\t\t\t\t\t<\/div>\n\n\t\n  \n<style>\n#row-1397774269 > .col > .col-inner {\n  padding: 60px 0 0 0;\n}\n<\/style>\n<\/div>\n<p>  <!-- Leistungen --><br \/>\n  <div class=\"row\"  id=\"row-1897173996\">\n    \n\t<div id=\"col-323884362\" class=\"col medium-4 small-12 large-4\"  >\n\t\t\t\t<div class=\"col-inner\"  >\n\t\t\t\n\t\t\t\n      [icon_box icon=&#187;icon-wrench&#187; title=&#187;Reparatur&#187; text=&#187;Schnelle Hilfe bei Defekten aller Art.&#187; link=&#187;\/reparatur&#187;]\n    \t\t<\/div>\n\t\t\t\t\t<\/div>\n\n\t\n    \n\t<div id=\"col-761690137\" class=\"col medium-4 small-12 large-4\"  >\n\t\t\t\t<div class=\"col-inner\"  >\n\t\t\t\n\t\t\t\n      [icon_box icon=&#187;icon-cog&#187; title=&#187;Wartung&#187; text=&#187;Regelm\u00e4\u00dfige Inspektion f\u00fcr mehr Sicherheit.&#187; link=&#187;\/wartung&#187;]\n    \t\t<\/div>\n\t\t\t\t\t<\/div>\n\n\t\n    \n\t<div id=\"col-221982492\" class=\"col medium-4 small-12 large-4\"  >\n\t\t\t\t<div class=\"col-inner\"  >\n\t\t\t\n\t\t\t\n      [icon_box icon=&#187;icon-bicycle&#187; title=&#187;Beratung&#187; text=&#187;Pers\u00f6nliche Beratung f\u00fcr Ihr Fahrradprojekt.&#187; link=&#187;\/beratung&#187;]\n    \t\t<\/div>\n\t\t\t\t\t<\/div>\n\n\t\n  \n<style>\n#row-1897173996 > .col > .col-inner {\n  padding: 60px 0 0 0;\n}\n<\/style>\n<\/div>\n<p>  <!-- Galerie mit Beispielbildern --><br \/>\n  <div class=\"row\"  id=\"row-804033089\">\n    \n\t<div id=\"col-1265467230\" class=\"col medium-12 large-12\"  >\n\t\t\t\t<div class=\"col-inner\"  >\n\t\t\t\n\t\t\t\n<h2>Unsere Arbeit<\/h2>\n<p>      [ux_image_grid ids=&#187;https:\/\/via.placeholder.com\/600&#215;400\/87CEEB\/FFFFFF?text=Reparatur1,https:\/\/via.placeholder.com\/600&#215;400\/87CEEB\/FFFFFF?text=Reparatur2,https:\/\/via.placeholder.com\/600&#215;400\/87CEEB\/FFFFFF?text=Reparatur3,https:\/\/via.placeholder.com\/600&#215;400\/87CEEB\/FFFFFF?text=Reparatur4&#8243; columns=&#187;4&#8243; image_width=&#187;100%&#187; lightbox=&#187;true&#187;]\n    \t\t<\/div>\n\t\t\t\t\t<\/div>\n\n\t\n  \n<style>\n#row-804033089 > .col > .col-inner {\n  padding: 60px 0 0 0;\n}\n<\/style>\n<\/div>\n<p>  <!-- Kundenbewertungen --><br \/>\n  <div class=\"row\"  id=\"row-1816310240\">\n    \n\t<div id=\"col-1723238220\" class=\"col medium-12 large-12\"  >\n\t\t\t\t<div class=\"col-inner\"  >\n\t\t\t\n\t\t\t\n<h2>Kundenstimmen<\/h2>\n<p>      <div class=\"slider-wrapper relative\" id=\"slider-1111889972\" >\n    <div class=\"slider slider-nav-circle slider-nav-large slider-nav-light slider-style-normal\"\n        data-flickity-options='{\n            \"cellAlign\": \"center\",\n            \"imagesLoaded\": true,\n            \"lazyLoad\": 1,\n            \"freeScroll\": false,\n            \"wrapAround\": true,\n            \"autoPlay\": 5000,\n            \"pauseAutoPlayOnHover\" : true,\n            \"prevNextButtons\": false,\n            \"contain\" : true,\n            \"adaptiveHeight\" : true,\n            \"dragThreshold\" : 10,\n            \"percentPosition\": true,\n            \"pageDots\": true,\n            \"rightToLeft\": false,\n            \"draggable\": true,\n            \"selectedAttraction\": 0.1,\n            \"parallax\" : 0,\n            \"friction\": 0.6        }'\n        >\n        \n          <div class=\"icon-box testimonial-box icon-box-left text-left\">\n                <div class=\"icon-box-text p-last-0\">\n          <div class=\"star-rating\"><span style=\"width:100%\"><strong class=\"rating\"><\/strong><\/span><\/div>  \t\t\t\t<div class=\"testimonial-text line-height-small italic test_text first-reset last-reset is-italic\">\n            \n          &#171;Super Service! Mein Fahrrad l\u00e4uft wieder wie neu.&#187;<br \/>\n                  <\/div>\n          <div class=\"testimonial-meta pt-half\">\n             <strong class=\"testimonial-name test_name\">Sarah M.<\/strong>\n             <span class=\"testimonial-name-divider\"> \/ <\/span>             <span class=\"testimonial-company test_company\">Zufriedene Kundin<\/span>\n          <\/div>\n        <\/div>\n  <\/div>\n\n  \n          <div class=\"icon-box testimonial-box icon-box-left text-left\">\n                <div class=\"icon-box-text p-last-0\">\n          <div class=\"star-rating\"><span style=\"width:100%\"><strong class=\"rating\"><\/strong><\/span><\/div>  \t\t\t\t<div class=\"testimonial-text line-height-small italic test_text first-reset last-reset is-italic\">\n            \n          &#171;Schnelle und kompetente Hilfe. Absolute Empfehlung!&#187;<br \/>\n                  <\/div>\n          <div class=\"testimonial-meta pt-half\">\n             <strong class=\"testimonial-name test_name\">Peter K.<\/strong>\n             <span class=\"testimonial-name-divider\"> \/ <\/span>             <span class=\"testimonial-company test_company\">Radenthusiast<\/span>\n          <\/div>\n        <\/div>\n  <\/div>\n\n  \n           <\/div>\n\n     <div class=\"loading-spin dark large centered\"><\/div>\n\n\t<\/div>\n\n\n    \t\t<\/div>\n\t\t\t\t\t<\/div>\n\n\t\n  \n<style>\n#row-1816310240 > .col > .col-inner {\n  padding: 60px 0 0 0;\n}\n<\/style>\n<\/div>\n<p>  <!-- Kontakt --><br \/>\n  <div class=\"row\"  id=\"row-1746868433\">\n    \n\t<div id=\"col-639064534\" class=\"col medium-6 small-12 large-6\"  >\n\t\t\t\t<div class=\"col-inner\"  >\n\t\t\t\n\t\t\t\n<h2>Kontakt<\/h2>\n<p>      [contact_form]\n    \t\t<\/div>\n\t\t\t\t\t<\/div>\n\n\t\n    \n\t<div id=\"col-908859072\" class=\"col medium-6 small-12 large-6\"  >\n\t\t\t\t<div class=\"col-inner\"  >\n\t\t\t\n\t\t\t\n      \t<div class=\"img has-hover x md-x lg-x y md-y lg-y\" id=\"image_882700430\">\n\t\t\t\t\t\t\t\t<div class=\"img-inner dark\" >\n\t\t\t<img decoding=\"async\" src=\"https:\/\/via.placeholder.com\/800x600\/87CEEB\/FFFFFF?text=Werkstatt\" alt=\"\"\/>\t\t\t\t\t\t\n\t\t\t\t\t<\/div>\n\t\t\t\t\t\t\t\t\n<style>\n#image_882700430 {\n  width: 90%;\n}\n<\/style>\n\t<\/div>\n\t\n    \t\t<\/div>\n\t\t\t\t\t<\/div>\n\n\t\n  \n<style>\n#row-1746868433 > .col > .col-inner {\n  padding: 60px 0 0 0;\n}\n<\/style>\n<\/div>\n[\/ux_section]\n\n","protected":false},"excerpt":{"rendered":"","protected":false},"author":1,"featured_media":0,"parent":0,"menu_order":0,"comment_status":"closed","ping_status":"closed","template":"","meta":{"footnotes":""},"class_list":["post-170","page","type-page","status-publish","hentry"],"yoast_head":"<!-- This site is optimized with the Yoast SEO Premium plugin v22.6 (Yoast SEO v27.4) - https:\/\/yoast.com\/product\/yoast-seo-premium-wordpress\/ -->\n<title>quong test ai - G\u00fcnstige Webseite Schweiz<\/title>\n<meta name=\"robots\" content=\"index, follow, max-snippet:-1, max-image-preview:large, max-video-preview:-1\" \/>\n<link rel=\"canonical\" href=\"https:\/\/websurfers.ch\/index.php\/quong-test-ai\/\" \/>\n<meta property=\"og:locale\" content=\"de_DE\" \/>\n<meta property=\"og:type\" content=\"article\" \/>\n<meta property=\"og:title\" content=\"quong test ai\" \/>\n<meta property=\"og:url\" content=\"https:\/\/websurfers.ch\/index.php\/quong-test-ai\/\" \/>\n<meta property=\"og:site_name\" content=\"G\u00fcnstige Webseite Schweiz\" \/>\n<meta property=\"article:modified_time\" content=\"2025-04-10T16:53:26+00:00\" \/>\n<meta name=\"twitter:card\" content=\"summary_large_image\" \/>\n<script type=\"application\/ld+json\" class=\"yoast-schema-graph\">{\"@context\":\"https:\\\/\\\/schema.org\",\"@graph\":[{\"@type\":\"WebPage\",\"@id\":\"https:\\\/\\\/websurfers.ch\\\/index.php\\\/quong-test-ai\\\/\",\"url\":\"https:\\\/\\\/websurfers.ch\\\/index.php\\\/quong-test-ai\\\/\",\"name\":\"quong test ai - G\u00fcnstige Webseite Schweiz\",\"isPartOf\":{\"@id\":\"https:\\\/\\\/websurfers.ch\\\/#website\"},\"datePublished\":\"2025-04-10T16:52:54+00:00\",\"dateModified\":\"2025-04-10T16:53:26+00:00\",\"breadcrumb\":{\"@id\":\"https:\\\/\\\/websurfers.ch\\\/index.php\\\/quong-test-ai\\\/#breadcrumb\"},\"inLanguage\":\"de-CH\",\"potentialAction\":[{\"@type\":\"ReadAction\",\"target\":[\"https:\\\/\\\/websurfers.ch\\\/index.php\\\/quong-test-ai\\\/\"]}]},{\"@type\":\"BreadcrumbList\",\"@id\":\"https:\\\/\\\/websurfers.ch\\\/index.php\\\/quong-test-ai\\\/#breadcrumb\",\"itemListElement\":[{\"@type\":\"ListItem\",\"position\":1,\"name\":\"Startseite\",\"item\":\"https:\\\/\\\/websurfers.ch\\\/\"},{\"@type\":\"ListItem\",\"position\":2,\"name\":\"quong test ai\"}]},{\"@type\":\"WebSite\",\"@id\":\"https:\\\/\\\/websurfers.ch\\\/#website\",\"url\":\"https:\\\/\\\/websurfers.ch\\\/\",\"name\":\"G\u00fcnstige Webseite Schweiz\",\"description\":\"Willkommen bei Websurfers Webdesign! Wir gestalten moderne und benutzerfreundliche Websites f\u00fcr dein Unternehmen. Lass uns gemeinsam deine Online-Pr\u00e4senz optimieren.\",\"publisher\":{\"@id\":\"https:\\\/\\\/websurfers.ch\\\/#organization\"},\"potentialAction\":[{\"@type\":\"SearchAction\",\"target\":{\"@type\":\"EntryPoint\",\"urlTemplate\":\"https:\\\/\\\/websurfers.ch\\\/?s={search_term_string}\"},\"query-input\":{\"@type\":\"PropertyValueSpecification\",\"valueRequired\":true,\"valueName\":\"search_term_string\"}}],\"inLanguage\":\"de-CH\"},{\"@type\":\"Organization\",\"@id\":\"https:\\\/\\\/websurfers.ch\\\/#organization\",\"name\":\"G\u00fcnstige Webseite Schweiz\",\"url\":\"https:\\\/\\\/websurfers.ch\\\/\",\"logo\":{\"@type\":\"ImageObject\",\"inLanguage\":\"de-CH\",\"@id\":\"https:\\\/\\\/websurfers.ch\\\/#\\\/schema\\\/logo\\\/image\\\/\",\"url\":\"https:\\\/\\\/websurfers.ch\\\/wp-content\\\/uploads\\\/2024\\\/03\\\/cropped-Black-and-Blue-Wave-Surfing-Club-Logo-1.png\",\"contentUrl\":\"https:\\\/\\\/websurfers.ch\\\/wp-content\\\/uploads\\\/2024\\\/03\\\/cropped-Black-and-Blue-Wave-Surfing-Club-Logo-1.png\",\"width\":512,\"height\":512,\"caption\":\"G\u00fcnstige Webseite Schweiz\"},\"image\":{\"@id\":\"https:\\\/\\\/websurfers.ch\\\/#\\\/schema\\\/logo\\\/image\\\/\"}}]}<\/script>\n<!-- \/ Yoast SEO Premium plugin. -->","yoast_head_json":{"title":"quong test ai - G\u00fcnstige Webseite Schweiz","robots":{"index":"index","follow":"follow","max-snippet":"max-snippet:-1","max-image-preview":"max-image-preview:large","max-video-preview":"max-video-preview:-1"},"canonical":"https:\/\/websurfers.ch\/index.php\/quong-test-ai\/","og_locale":"de_DE","og_type":"article","og_title":"quong test ai","og_url":"https:\/\/websurfers.ch\/index.php\/quong-test-ai\/","og_site_name":"G\u00fcnstige Webseite Schweiz","article_modified_time":"2025-04-10T16:53:26+00:00","twitter_card":"summary_large_image","schema":{"@context":"https:\/\/schema.org","@graph":[{"@type":"WebPage","@id":"https:\/\/websurfers.ch\/index.php\/quong-test-ai\/","url":"https:\/\/websurfers.ch\/index.php\/quong-test-ai\/","name":"quong test ai - G\u00fcnstige Webseite Schweiz","isPartOf":{"@id":"https:\/\/websurfers.ch\/#website"},"datePublished":"2025-04-10T16:52:54+00:00","dateModified":"2025-04-10T16:53:26+00:00","breadcrumb":{"@id":"https:\/\/websurfers.ch\/index.php\/quong-test-ai\/#breadcrumb"},"inLanguage":"de-CH","potentialAction":[{"@type":"ReadAction","target":["https:\/\/websurfers.ch\/index.php\/quong-test-ai\/"]}]},{"@type":"BreadcrumbList","@id":"https:\/\/websurfers.ch\/index.php\/quong-test-ai\/#breadcrumb","itemListElement":[{"@type":"ListItem","position":1,"name":"Startseite","item":"https:\/\/websurfers.ch\/"},{"@type":"ListItem","position":2,"name":"quong test ai"}]},{"@type":"WebSite","@id":"https:\/\/websurfers.ch\/#website","url":"https:\/\/websurfers.ch\/","name":"G\u00fcnstige Webseite Schweiz","description":"Willkommen bei Websurfers Webdesign! Wir gestalten moderne und benutzerfreundliche Websites f\u00fcr dein Unternehmen. Lass uns gemeinsam deine Online-Pr\u00e4senz optimieren.","publisher":{"@id":"https:\/\/websurfers.ch\/#organization"},"potentialAction":[{"@type":"SearchAction","target":{"@type":"EntryPoint","urlTemplate":"https:\/\/websurfers.ch\/?s={search_term_string}"},"query-input":{"@type":"PropertyValueSpecification","valueRequired":true,"valueName":"search_term_string"}}],"inLanguage":"de-CH"},{"@type":"Organization","@id":"https:\/\/websurfers.ch\/#organization","name":"G\u00fcnstige Webseite Schweiz","url":"https:\/\/websurfers.ch\/","logo":{"@type":"ImageObject","inLanguage":"de-CH","@id":"https:\/\/websurfers.ch\/#\/schema\/logo\/image\/","url":"https:\/\/websurfers.ch\/wp-content\/uploads\/2024\/03\/cropped-Black-and-Blue-Wave-Surfing-Club-Logo-1.png","contentUrl":"https:\/\/websurfers.ch\/wp-content\/uploads\/2024\/03\/cropped-Black-and-Blue-Wave-Surfing-Club-Logo-1.png","width":512,"height":512,"caption":"G\u00fcnstige Webseite Schweiz"},"image":{"@id":"https:\/\/websurfers.ch\/#\/schema\/logo\/image\/"}}]}},"_links":{"self":[{"href":"https:\/\/websurfers.ch\/index.php\/wp-json\/wp\/v2\/pages\/170","targetHints":{"allow":["GET"]}}],"collection":[{"href":"https:\/\/websurfers.ch\/index.php\/wp-json\/wp\/v2\/pages"}],"about":[{"href":"https:\/\/websurfers.ch\/index.php\/wp-json\/wp\/v2\/types\/page"}],"author":[{"embeddable":true,"href":"https:\/\/websurfers.ch\/index.php\/wp-json\/wp\/v2\/users\/1"}],"replies":[{"embeddable":true,"href":"https:\/\/websurfers.ch\/index.php\/wp-json\/wp\/v2\/comments?post=170"}],"version-history":[{"count":2,"href":"https:\/\/websurfers.ch\/index.php\/wp-json\/wp\/v2\/pages\/170\/revisions"}],"predecessor-version":[{"id":173,"href":"https:\/\/websurfers.ch\/index.php\/wp-json\/wp\/v2\/pages\/170\/revisions\/173"}],"wp:attachment":[{"href":"https:\/\/websurfers.ch\/index.php\/wp-json\/wp\/v2\/media?parent=170"}],"curies":[{"name":"wp","href":"https:\/\/api.w.org\/{rel}","templated":true}]}}