{"id":141,"date":"2024-04-24T02:43:57","date_gmt":"2024-04-24T00:43:57","guid":{"rendered":"http:\/\/websurfers.ch\/?page_id=141"},"modified":"2024-05-23T22:10:55","modified_gmt":"2024-05-23T20:10:55","slug":"ueber-uns","status":"publish","type":"page","link":"https:\/\/websurfers.ch\/index.php\/ueber-uns\/","title":{"rendered":"\u00fcber uns"},"content":{"rendered":"\n\t<section class=\"section dark\" id=\"section_647542190\">\n\t\t<div class=\"bg section-bg fill bg-fill  \" >\n\n\t\t\t\n\t\t\t<div class=\"section-bg-overlay absolute fill\"><\/div><button class=\"scroll-for-more z-5 icon absolute bottom h-center\" aria-label=\"Scroll for more\"><i class=\"icon-angle-down\" style=\"font-size:42px;\" ><\/i><\/button>\n\t\t\t\n\n\t\t<\/div>\n\n\t\t\n\n\t\t<div class=\"section-content relative\">\n\t\t\t\n\n\t<div id=\"gap-487174646\" class=\"gap-element clearfix\" style=\"display:block; height:auto;\">\n\t\t\n<style>\n#gap-487174646 {\n  padding-top: 30px;\n}\n<\/style>\n\t<\/div>\n\t\n\n<div class=\"row align-center\"  id=\"row-818214424\">\n\n\n\t<div id=\"col-1534612697\" class=\"col medium-7 small-12 large-6\"  >\n\t\t\t\t<div class=\"col-inner text-center\"  >\n\t\t\t\n\t\t\t\n\n\t<div id=\"text-343293850\" class=\"text\">\n\t\t\n\n<h1 >Meet the surfers<\/h1>\n\t\t\n<style>\n#text-343293850 {\n  font-size: 1.5rem;\n}\n<\/style>\n\t<\/div>\n\t\n<p><strong>Wir sind Wingfoiler, Windsurfer, Surfer und Webdesigner<\/strong><\/p>\n<p><strong>Danke f\u00fcr dein Vertrauen in uns Websurfers<\/strong><\/p>\n\n\t\t<\/div>\n\t\t\t\t\t<\/div>\n\n\t\n\n<\/div>\n\n\t\t<\/div>\n\n\t\t\n<style>\n#section_647542190 {\n  padding-top: 90px;\n  padding-bottom: 90px;\n}\n#section_647542190 .section-bg-overlay {\n  background-color: rgba(0, 0, 0, 0.3);\n}\n#section_647542190 .section-bg.bg-loaded {\n  background-image: url(https:\/\/websurfers.ch\/wp-content\/uploads\/2024\/04\/WhatsApp-Image-2024-04-24-at-03.10.21.jpeg);\n}\n#section_647542190 .section-bg {\n  background-position: 60% 22%;\n}\n<\/style>\n\t<\/section>\n\t\n\t<section class=\"section\" id=\"section_1317883253\">\n\t\t<div class=\"bg section-bg fill bg-fill  bg-loaded\" >\n\n\t\t\t\n\t\t\t\n\t\t\t\n\n\t\t<\/div>\n\n\t\t\n\n\t\t<div class=\"section-content relative\">\n\t\t\t\n\n<div class=\"row\"  id=\"row-220499042\">\n\n\n\t<div id=\"col-213347758\" class=\"col small-12 large-12\"  >\n\t\t\t\t<div class=\"col-inner\"  >\n\t\t\t\n\t\t\t\n\n<div class=\"row row-collapse align-middle\"  id=\"row-1332942437\">\n\n\n\t<div id=\"col-373107207\" class=\"col medium-5 small-12 large-4\"  >\n\t\t\t\t<div class=\"col-inner\"  >\n\t\t\t\n\t\t\t\n\n\n  <div class=\"banner has-hover\" id=\"banner-2054995131\">\n          <div class=\"banner-inner fill\">\n        <div class=\"banner-bg fill\" >\n            <div class=\"bg fill bg-fill \"><\/div>\n                                    \n                    <\/div>\n\t\t\n        <div class=\"banner-layers container\">\n            <div class=\"fill banner-link\"><\/div>            \n\n\n        <\/div>\n      <\/div>\n\n            \n<style>\n#banner-2054995131 {\n  padding-top: 400px;\n  background-color: rgb(244, 244, 244);\n}\n#banner-2054995131 .bg.bg-loaded {\n  background-image: url(https:\/\/websurfers.ch\/wp-content\/uploads\/2024\/05\/passfoto-2-768x834.jpeg);\n}\n#banner-2054995131 .bg {\n  background-position: 74% 17%;\n}\n@media (min-width:550px) {\n  #banner-2054995131 {\n    padding-top: 500px;\n  }\n}\n<\/style>\n  <\/div>\n\n\n\n\t\t<\/div>\n\t\t\t\t\t<\/div>\n\n\t\n\n\t<div id=\"col-1116882782\" class=\"col team-sorted-info medium-7 small-12 large-8\"  >\n\t\t\t\t<div class=\"col-inner\"  >\n\t\t\t\n\t\t\t\n\n<h2>Thomas\u00a0<\/h2>\n<h6>Gr\u00fcnder | Webdesigner\u00a0<\/h6>\n\t<div id=\"gap-2073908114\" class=\"gap-element clearfix\" style=\"display:block; height:auto;\">\n\t\t\n<style>\n#gap-2073908114 {\n  padding-top: 20px;\n}\n<\/style>\n\t<\/div>\n\t\n\n<div>Ich bin ein begeisterter Surfer und Webdesigner mit einer tiefen Leidenschaft f\u00fcr kreative Projekte. Mit einem fundierten technischen Hintergrund stehe ich Ihnen gerne bei der Beratung und Umsetzung Ihrer Webprojekte zur Seite.<\/div>\n<div>\u00a0<\/div>\n<div>Mein Schwerpunkt liegt auf der Gestaltung und Entwicklung massgeschneiderter E-Commerce-L\u00f6sungen mit WooCommerce. Von der Konzeption bis zur Umsetzung sorge ich daf\u00fcr, dass Ihr Online-Shop nicht nur technisch einwandfrei funktioniert, sondern auch \u00e4sthetisch ansprechend und benutzerfreundlich ist.<\/div>\n<div>\u00a0<\/div>\n<div>Egal, ob Sie ein neues Projekt starten oder Ihr bestehendes Gesch\u00e4ft ausbauen m\u00f6chten, ich stehe Ihnen mit meinem Fachwissen und meiner Erfahrung zur Verf\u00fcgung, um Ihre Ziele zu erreichen.<\/div>\n<div>\u00a0<\/div>\n<div>Lassen Sie uns gemeinsam Ihre Vision verwirklichen und Ihr Online-Gesch\u00e4ft auf die n\u00e4chste Stufe heben!<\/div>\n<div class=\"is-divider divider clearfix\" style=\"margin-top:1.2em;margin-bottom:1.2em;max-width:100%;height:2px;background-color:rgba(0, 0, 0, 0.09);\"><\/div>\n\n<div class=\"row row-small\"  id=\"row-677104063\">\n\n\n\t<div id=\"col-993830593\" class=\"col medium-12 small-12 large-7\"  >\n\t\t\t\t<div class=\"col-inner\"  >\n\t\t\t\n\t\t\t\n\n<div class=\"social-icons follow-icons full-width text-left\" style=\"font-size:90%\"><a href=\"#\" target=\"_blank\" data-label=\"Facebook\" class=\"icon plain facebook tooltip\" title=\"Follow on Facebook\" aria-label=\"Follow on Facebook\" rel=\"noopener nofollow\" ><i class=\"icon-facebook\" ><\/i><\/a><a href=\"#\" target=\"_blank\" data-label=\"Instagram\" class=\"icon plain instagram tooltip\" title=\"Follow on Instagram\" aria-label=\"Follow on Instagram\" rel=\"noopener nofollow\" ><i class=\"icon-instagram\" ><\/i><\/a><a href=\"#\" data-label=\"LinkedIn\" target=\"_blank\" class=\"icon plain linkedin tooltip\" title=\"Follow on LinkedIn\" aria-label=\"Follow on LinkedIn\" rel=\"noopener nofollow\" ><i class=\"icon-linkedin\" ><\/i><\/a><\/div>\n\n\n\t\t<\/div>\n\t\t\t\t\t<\/div>\n\n\t\n\n\t<div id=\"col-1214608779\" class=\"col medium-12 small-12 large-5\"  >\n\t\t\t\t<div class=\"col-inner\"  >\n\t\t\t\n\t\t\t\n\n<a href=\"https:\/\/websurfers.ch\/index.php\/kontakt\/\" class=\"button secondary lowercase expand\"  >\n    <span>Schedule meeting<\/span>\n  <i class=\"icon-clock\" aria-hidden=\"true\" ><\/i><\/a>\n\n\n\n\t\t<\/div>\n\t\t\t\t\t<\/div>\n\n\t\n\n<\/div>\n\n\t\t<\/div>\n\t\t\t\t\n<style>\n#col-1116882782 > .col-inner {\n  padding: 40px 40px 40px 40px;\n}\n<\/style>\n\t<\/div>\n\n\t\n\n<\/div>\n\n\t\t<\/div>\n\t\t\t\t\n<style>\n#col-213347758 > .col-inner {\n  margin: 10px 0px 10px 0px;\n}\n<\/style>\n\t<\/div>\n\n\t\n\n\n<style>\n#row-220499042 > .col > .col-inner {\n  background-color: rgb(255,255,255);\n}\n<\/style>\n<\/div>\n<div class=\"row\"  id=\"row-1497039063\">\n\n\n\t<div id=\"col-1044425726\" class=\"col small-12 large-12\"  >\n\t\t\t\t<div class=\"col-inner\"  >\n\t\t\t\n\t\t\t\n\n<div class=\"row row-collapse align-middle\"  id=\"row-255917282\">\n\n\n\t<div id=\"col-1494404236\" class=\"col team-sorted-info medium-7 small-12 large-8\"  >\n\t\t\t\t<div class=\"col-inner\"  >\n\t\t\t\n\t\t\t\n\n<h2>Anton<\/h2>\n<h6>Gr\u00fcnder | Programmierer<\/h6>\n\t<div id=\"gap-1487415415\" class=\"gap-element clearfix\" style=\"display:block; height:auto;\">\n\t\t\n<style>\n#gap-1487415415 {\n  padding-top: 20px;\n}\n<\/style>\n\t<\/div>\n\t\n\n<div>Ich bin ein erfahrener Webdesigner und Programmierer mit einer Leidenschaft f\u00fcr kreative Projekte und innovative L\u00f6sungen. Seit vielen Jahren entwickle ich Apps f\u00fcr Android und iOS und programmiere komplexe Projekte, um Ihnen die effizientesten Ergebnisse zu liefern.<\/div>\n<div>\u00a0<\/div>\n<div>Als waschechter \u00abNerd\u00bb am Computer liebe ich es, mich in die Welt des Codes zu vertiefen, aber ich bin genauso gerne auf dem Wasser oder in der Luft unterwegs, wenn ich nicht gerade an Ihrem Projekt arbeite.<\/div>\n<div>\u00a0<\/div>\n<div>Egal, ob es um die Entwicklung einer benutzerfreundlichen App, die Gestaltung einer ansprechenden Website oder die Umsetzung eines komplexen Projekts geht, ich stehe Ihnen mit meinem Fachwissen und meiner Erfahrung zur Verf\u00fcgung, um Ihre Visionen zu verwirklichen.<\/div>\n<div>\u00a0<\/div>\n<div>Lassen Sie uns gemeinsam an Ihrem Projekt arbeiten und herausragende Ergebnisse erzielen, damit Sie sich auf das konzentrieren k\u00f6nnen, was Ihnen wichtig ist, w\u00e4hrend ich den Rest erledige.<\/div>\n<div>\u00a0<\/div>\n<div>\u00a0<\/div>\n<div class=\"is-divider divider clearfix\" style=\"margin-top:1.2em;margin-bottom:1.2em;max-width:100%;height:2px;background-color:rgba(0, 0, 0, 0.09);\"><\/div>\n\n<div class=\"row row-small\"  id=\"row-141281425\">\n\n\n\t<div id=\"col-1229180442\" class=\"col medium-12 small-12 large-7\"  >\n\t\t\t\t<div class=\"col-inner\"  >\n\t\t\t\n\t\t\t\n\n<div class=\"social-icons follow-icons full-width text-left\" style=\"font-size:90%\"><a href=\"#\" target=\"_blank\" data-label=\"Facebook\" class=\"icon plain facebook tooltip\" title=\"Follow on Facebook\" aria-label=\"Follow on Facebook\" rel=\"noopener nofollow\" ><i class=\"icon-facebook\" ><\/i><\/a><a href=\"#\" target=\"_blank\" data-label=\"Instagram\" class=\"icon plain instagram tooltip\" title=\"Follow on Instagram\" aria-label=\"Follow on Instagram\" rel=\"noopener nofollow\" ><i class=\"icon-instagram\" ><\/i><\/a><a href=\"#\" data-label=\"LinkedIn\" target=\"_blank\" class=\"icon plain linkedin tooltip\" title=\"Follow on LinkedIn\" aria-label=\"Follow on LinkedIn\" rel=\"noopener nofollow\" ><i class=\"icon-linkedin\" ><\/i><\/a><\/div>\n\n\n\t\t<\/div>\n\t\t\t\t\t<\/div>\n\n\t\n\n\t<div id=\"col-338735738\" class=\"col medium-12 small-12 large-5\"  >\n\t\t\t\t<div class=\"col-inner\"  >\n\t\t\t\n\t\t\t\n\n<a href=\"https:\/\/websurfers.ch\/index.php\/kontakt\/\" class=\"button secondary lowercase expand\"  >\n    <span>Schedule meeting<\/span>\n  <i class=\"icon-clock\" aria-hidden=\"true\" ><\/i><\/a>\n\n\n\n\t\t<\/div>\n\t\t\t\t\t<\/div>\n\n\t\n\n<\/div>\n\n\t\t<\/div>\n\t\t\t\t\n<style>\n#col-1494404236 > .col-inner {\n  padding: 40px 40px 40px 40px;\n}\n<\/style>\n\t<\/div>\n\n\t\n\n\t<div id=\"col-631205550\" class=\"col medium-5 small-12 large-4 small-col-first\"  >\n\t\t\t\t<div class=\"col-inner\"  >\n\t\t\t\n\t\t\t\n\n\n  <div class=\"banner has-hover\" id=\"banner-167275147\">\n          <div class=\"banner-inner fill\">\n        <div class=\"banner-bg fill\" >\n            <div class=\"bg fill bg-fill \"><\/div>\n                                    \n                    <\/div>\n\t\t\n        <div class=\"banner-layers container\">\n            <div class=\"fill banner-link\"><\/div>            \n\n\n        <\/div>\n      <\/div>\n\n            \n<style>\n#banner-167275147 {\n  padding-top: 400px;\n  background-color: rgb(244, 244, 244);\n}\n#banner-167275147 .bg.bg-loaded {\n  background-image: url(https:\/\/websurfers.ch\/wp-content\/uploads\/2024\/04\/team-photo-male-1-flatsome-837x1024.jpg);\n}\n@media (min-width:550px) {\n  #banner-167275147 {\n    padding-top: 500px;\n  }\n}\n<\/style>\n  <\/div>\n\n\n\n\t\t<\/div>\n\t\t\t\t\t<\/div>\n\n\t\n\n<\/div>\n\n\t\t<\/div>\n\t\t\t\t\n<style>\n#col-1044425726 > .col-inner {\n  margin: 10px 0px 10px 0px;\n}\n<\/style>\n\t<\/div>\n\n\t\n\n\n<style>\n#row-1497039063 > .col > .col-inner {\n  background-color: rgb(255,255,255);\n}\n<\/style>\n<\/div>\n\n\t\t<\/div>\n\n\t\t\n<style>\n#section_1317883253 {\n  padding-top: 60px;\n  padding-bottom: 60px;\n  background-color: rgb(228, 228, 228);\n}\n<\/style>\n\t<\/section>\n\t\n\t<section class=\"section dark\" id=\"section_1845980722\">\n\t\t<div class=\"bg section-bg fill bg-fill  bg-loaded\" >\n\n\t\t\t\n\t\t\t\n\t\t\t\n\n\t\t<\/div>\n\n\t\t\n\n\t\t<div class=\"section-content relative\">\n\t\t\t\n\n<div class=\"row align-center\"  id=\"row-1903289185\">\n\n\n\t<div id=\"col-1980539352\" class=\"col medium-9 small-12 large-7\"  >\n\t\t\t\t<div class=\"col-inner text-center\"  >\n\t\t\t\n\t\t\t\n\n\t<div id=\"gap-1552817805\" class=\"gap-element clearfix\" style=\"display:block; height:auto;\">\n\t\t\n<style>\n#gap-1552817805 {\n  padding-top: 20px;\n}\n<\/style>\n\t<\/div>\n\t\n\n\t<div id=\"text-3572545704\" class=\"text\">\n\t\t\n\n<h2>Want to join the team?<\/h2>\n\t\t\n<style>\n#text-3572545704 {\n  font-size: 1.5rem;\n}\n<\/style>\n\t<\/div>\n\t\n<p>We are always looking for ambitious, enthusiastic and entrepreuneurial people to join our team. If this sounds like you, drop us a line with what you can bring to our company that sets you apart from anyone else.<\/p>\n<a href=\"https:\/\/websurfers.ch\/index.php\/kontakt\/\" class=\"button white lowercase\"  >\n    <span>info@websurfers.ch<\/span>\n  <\/a>\n\n\n\n\t\t<\/div>\n\t\t\t\t\n<style>\n#col-1980539352 > .col-inner {\n  padding: 30px 0px 0px 0px;\n}\n<\/style>\n\t<\/div>\n\n\t\n\n<\/div>\n\n\t\t<\/div>\n\n\t\t\n<style>\n#section_1845980722 {\n  padding-top: 40px;\n  padding-bottom: 40px;\n  background-color: #273647;\n}\n@media (min-width:550px) {\n  #section_1845980722 {\n    padding-top: 60px;\n    padding-bottom: 60px;\n  }\n}\n<\/style>\n\t<\/section>\n\t\n\n","protected":false},"excerpt":{"rendered":"","protected":false},"author":1,"featured_media":0,"parent":0,"menu_order":0,"comment_status":"closed","ping_status":"closed","template":"","meta":{"footnotes":""},"class_list":["post-141","page","type-page","status-publish","hentry"],"yoast_head":"<!-- This site is optimized with the Yoast SEO Premium plugin v22.6 (Yoast SEO v27.4) - https:\/\/yoast.com\/product\/yoast-seo-premium-wordpress\/ -->\n<title>\u00fcber uns - G\u00fcnstige Webseite Schweiz<\/title>\n<meta name=\"robots\" content=\"index, follow, max-snippet:-1, max-image-preview:large, max-video-preview:-1\" \/>\n<link rel=\"canonical\" href=\"https:\/\/websurfers.ch\/index.php\/ueber-uns\/\" \/>\n<meta property=\"og:locale\" content=\"de_DE\" \/>\n<meta property=\"og:type\" content=\"article\" \/>\n<meta property=\"og:title\" content=\"\u00fcber uns\" \/>\n<meta property=\"og:url\" content=\"https:\/\/websurfers.ch\/index.php\/ueber-uns\/\" \/>\n<meta property=\"og:site_name\" content=\"G\u00fcnstige Webseite Schweiz\" \/>\n<meta property=\"article:modified_time\" content=\"2024-05-23T20:10:55+00:00\" \/>\n<meta name=\"twitter:card\" content=\"summary_large_image\" \/>\n<meta name=\"twitter:label1\" content=\"Gesch\u00e4tzte Lesezeit\" \/>\n\t<meta name=\"twitter:data1\" content=\"4\u00a0Minuten\" \/>\n<script type=\"application\/ld+json\" class=\"yoast-schema-graph\">{\"@context\":\"https:\\\/\\\/schema.org\",\"@graph\":[{\"@type\":\"WebPage\",\"@id\":\"https:\\\/\\\/websurfers.ch\\\/index.php\\\/ueber-uns\\\/\",\"url\":\"https:\\\/\\\/websurfers.ch\\\/index.php\\\/ueber-uns\\\/\",\"name\":\"\u00fcber uns - G\u00fcnstige Webseite Schweiz\",\"isPartOf\":{\"@id\":\"https:\\\/\\\/websurfers.ch\\\/#website\"},\"datePublished\":\"2024-04-24T00:43:57+00:00\",\"dateModified\":\"2024-05-23T20:10:55+00:00\",\"breadcrumb\":{\"@id\":\"https:\\\/\\\/websurfers.ch\\\/index.php\\\/ueber-uns\\\/#breadcrumb\"},\"inLanguage\":\"de-CH\",\"potentialAction\":[{\"@type\":\"ReadAction\",\"target\":[\"https:\\\/\\\/websurfers.ch\\\/index.php\\\/ueber-uns\\\/\"]}]},{\"@type\":\"BreadcrumbList\",\"@id\":\"https:\\\/\\\/websurfers.ch\\\/index.php\\\/ueber-uns\\\/#breadcrumb\",\"itemListElement\":[{\"@type\":\"ListItem\",\"position\":1,\"name\":\"Startseite\",\"item\":\"https:\\\/\\\/websurfers.ch\\\/\"},{\"@type\":\"ListItem\",\"position\":2,\"name\":\"\u00fcber uns\"}]},{\"@type\":\"WebSite\",\"@id\":\"https:\\\/\\\/websurfers.ch\\\/#website\",\"url\":\"https:\\\/\\\/websurfers.ch\\\/\",\"name\":\"G\u00fcnstige Webseite Schweiz\",\"description\":\"Willkommen bei Websurfers Webdesign! Wir gestalten moderne und benutzerfreundliche Websites f\u00fcr dein Unternehmen. Lass uns gemeinsam deine Online-Pr\u00e4senz optimieren.\",\"publisher\":{\"@id\":\"https:\\\/\\\/websurfers.ch\\\/#organization\"},\"potentialAction\":[{\"@type\":\"SearchAction\",\"target\":{\"@type\":\"EntryPoint\",\"urlTemplate\":\"https:\\\/\\\/websurfers.ch\\\/?s={search_term_string}\"},\"query-input\":{\"@type\":\"PropertyValueSpecification\",\"valueRequired\":true,\"valueName\":\"search_term_string\"}}],\"inLanguage\":\"de-CH\"},{\"@type\":\"Organization\",\"@id\":\"https:\\\/\\\/websurfers.ch\\\/#organization\",\"name\":\"G\u00fcnstige Webseite Schweiz\",\"url\":\"https:\\\/\\\/websurfers.ch\\\/\",\"logo\":{\"@type\":\"ImageObject\",\"inLanguage\":\"de-CH\",\"@id\":\"https:\\\/\\\/websurfers.ch\\\/#\\\/schema\\\/logo\\\/image\\\/\",\"url\":\"https:\\\/\\\/websurfers.ch\\\/wp-content\\\/uploads\\\/2024\\\/03\\\/cropped-Black-and-Blue-Wave-Surfing-Club-Logo-1.png\",\"contentUrl\":\"https:\\\/\\\/websurfers.ch\\\/wp-content\\\/uploads\\\/2024\\\/03\\\/cropped-Black-and-Blue-Wave-Surfing-Club-Logo-1.png\",\"width\":512,\"height\":512,\"caption\":\"G\u00fcnstige Webseite Schweiz\"},\"image\":{\"@id\":\"https:\\\/\\\/websurfers.ch\\\/#\\\/schema\\\/logo\\\/image\\\/\"}}]}<\/script>\n<!-- \/ Yoast SEO Premium plugin. -->","yoast_head_json":{"title":"\u00fcber uns - G\u00fcnstige Webseite Schweiz","robots":{"index":"index","follow":"follow","max-snippet":"max-snippet:-1","max-image-preview":"max-image-preview:large","max-video-preview":"max-video-preview:-1"},"canonical":"https:\/\/websurfers.ch\/index.php\/ueber-uns\/","og_locale":"de_DE","og_type":"article","og_title":"\u00fcber uns","og_url":"https:\/\/websurfers.ch\/index.php\/ueber-uns\/","og_site_name":"G\u00fcnstige Webseite Schweiz","article_modified_time":"2024-05-23T20:10:55+00:00","twitter_card":"summary_large_image","twitter_misc":{"Gesch\u00e4tzte Lesezeit":"4\u00a0Minuten"},"schema":{"@context":"https:\/\/schema.org","@graph":[{"@type":"WebPage","@id":"https:\/\/websurfers.ch\/index.php\/ueber-uns\/","url":"https:\/\/websurfers.ch\/index.php\/ueber-uns\/","name":"\u00fcber uns - G\u00fcnstige Webseite Schweiz","isPartOf":{"@id":"https:\/\/websurfers.ch\/#website"},"datePublished":"2024-04-24T00:43:57+00:00","dateModified":"2024-05-23T20:10:55+00:00","breadcrumb":{"@id":"https:\/\/websurfers.ch\/index.php\/ueber-uns\/#breadcrumb"},"inLanguage":"de-CH","potentialAction":[{"@type":"ReadAction","target":["https:\/\/websurfers.ch\/index.php\/ueber-uns\/"]}]},{"@type":"BreadcrumbList","@id":"https:\/\/websurfers.ch\/index.php\/ueber-uns\/#breadcrumb","itemListElement":[{"@type":"ListItem","position":1,"name":"Startseite","item":"https:\/\/websurfers.ch\/"},{"@type":"ListItem","position":2,"name":"\u00fcber uns"}]},{"@type":"WebSite","@id":"https:\/\/websurfers.ch\/#website","url":"https:\/\/websurfers.ch\/","name":"G\u00fcnstige Webseite Schweiz","description":"Willkommen bei Websurfers Webdesign! Wir gestalten moderne und benutzerfreundliche Websites f\u00fcr dein Unternehmen. Lass uns gemeinsam deine Online-Pr\u00e4senz optimieren.","publisher":{"@id":"https:\/\/websurfers.ch\/#organization"},"potentialAction":[{"@type":"SearchAction","target":{"@type":"EntryPoint","urlTemplate":"https:\/\/websurfers.ch\/?s={search_term_string}"},"query-input":{"@type":"PropertyValueSpecification","valueRequired":true,"valueName":"search_term_string"}}],"inLanguage":"de-CH"},{"@type":"Organization","@id":"https:\/\/websurfers.ch\/#organization","name":"G\u00fcnstige Webseite Schweiz","url":"https:\/\/websurfers.ch\/","logo":{"@type":"ImageObject","inLanguage":"de-CH","@id":"https:\/\/websurfers.ch\/#\/schema\/logo\/image\/","url":"https:\/\/websurfers.ch\/wp-content\/uploads\/2024\/03\/cropped-Black-and-Blue-Wave-Surfing-Club-Logo-1.png","contentUrl":"https:\/\/websurfers.ch\/wp-content\/uploads\/2024\/03\/cropped-Black-and-Blue-Wave-Surfing-Club-Logo-1.png","width":512,"height":512,"caption":"G\u00fcnstige Webseite Schweiz"},"image":{"@id":"https:\/\/websurfers.ch\/#\/schema\/logo\/image\/"}}]}},"_links":{"self":[{"href":"https:\/\/websurfers.ch\/index.php\/wp-json\/wp\/v2\/pages\/141","targetHints":{"allow":["GET"]}}],"collection":[{"href":"https:\/\/websurfers.ch\/index.php\/wp-json\/wp\/v2\/pages"}],"about":[{"href":"https:\/\/websurfers.ch\/index.php\/wp-json\/wp\/v2\/types\/page"}],"author":[{"embeddable":true,"href":"https:\/\/websurfers.ch\/index.php\/wp-json\/wp\/v2\/users\/1"}],"replies":[{"embeddable":true,"href":"https:\/\/websurfers.ch\/index.php\/wp-json\/wp\/v2\/comments?post=141"}],"version-history":[{"count":8,"href":"https:\/\/websurfers.ch\/index.php\/wp-json\/wp\/v2\/pages\/141\/revisions"}],"predecessor-version":[{"id":164,"href":"https:\/\/websurfers.ch\/index.php\/wp-json\/wp\/v2\/pages\/141\/revisions\/164"}],"wp:attachment":[{"href":"https:\/\/websurfers.ch\/index.php\/wp-json\/wp\/v2\/media?parent=141"}],"curies":[{"name":"wp","href":"https:\/\/api.w.org\/{rel}","templated":true}]}}